{"id":142,"date":"2021-08-29T11:41:05","date_gmt":"2021-08-29T09:41:05","guid":{"rendered":"http:\/\/server699024.nazwa.pl\/demo\/markus\/?page_id=142"},"modified":"2021-09-14T18:13:04","modified_gmt":"2021-09-14T16:13:04","slug":"wklady-kominowe-kwasoodporne","status":"publish","type":"page","link":"https:\/\/markus1.pl\/?page_id=142","title":{"rendered":"Wk\u0142ady kominowe kwasoodporne"},"content":{"rendered":"\t\t<div data-elementor-type=\"wp-page\" data-elementor-id=\"142\" class=\"elementor elementor-142\" data-elementor-settings=\"[]\">\n\t\t\t\t\t\t\t<div class=\"elementor-section-wrap\">\n\t\t\t\t\t\t\t<section class=\"elementor-section elementor-top-section elementor-element elementor-element-b178ca5 elementor-section-boxed elementor-section-height-default elementor-section-height-default\" data-id=\"b178ca5\" data-element_type=\"section\">\n\t\t\t\t\t\t<div class=\"elementor-container elementor-column-gap-default\">\n\t\t\t\t\t<div class=\"elementor-column elementor-col-100 elementor-top-column elementor-element elementor-element-9f25d5d\" data-id=\"9f25d5d\" data-element_type=\"column\">\n\t\t\t<div class=\"elementor-widget-wrap elementor-element-populated\">\n\t\t\t\t\t\t\t\t<div class=\"elementor-element elementor-element-c263ad7 elementor-widget elementor-widget-heading\" data-id=\"c263ad7\" data-element_type=\"widget\" data-widget_type=\"heading.default\">\n\t\t\t\t<div class=\"elementor-widget-container\">\n\t\t\t<h2 class=\"elementor-heading-title elementor-size-default\">Wk\u0142ady kominowe kwasoodporne<\/h2>\t\t<\/div>\n\t\t\t\t<\/div>\n\t\t\t\t<div class=\"elementor-element elementor-element-2f5832f elementor-widget-divider--view-line elementor-widget elementor-widget-divider\" data-id=\"2f5832f\" data-element_type=\"widget\" data-widget_type=\"divider.default\">\n\t\t\t\t<div class=\"elementor-widget-container\">\n\t\t\t\t\t<div class=\"elementor-divider\">\n\t\t\t<span class=\"elementor-divider-separator\">\n\t\t\t\t\t\t<\/span>\n\t\t<\/div>\n\t\t\t\t<\/div>\n\t\t\t\t<\/div>\n\t\t\t\t<section class=\"elementor-section elementor-inner-section elementor-element elementor-element-30f69bd elementor-section-boxed elementor-section-height-default elementor-section-height-default\" data-id=\"30f69bd\" data-element_type=\"section\">\n\t\t\t\t\t\t<div class=\"elementor-container elementor-column-gap-default\">\n\t\t\t\t\t<div class=\"elementor-column elementor-col-50 elementor-inner-column elementor-element elementor-element-83e940f\" data-id=\"83e940f\" data-element_type=\"column\">\n\t\t\t<div class=\"elementor-widget-wrap elementor-element-populated\">\n\t\t\t\t\t\t\t\t<div class=\"elementor-element elementor-element-5d78a03 elementor-widget elementor-widget-text-editor\" data-id=\"5d78a03\" data-element_type=\"widget\" data-widget_type=\"text-editor.default\">\n\t\t\t\t<div class=\"elementor-widget-container\">\n\t\t\t\t\t\t\t<p>Wk\u0142ad kominowy ze stali kwasoodpornej s\u0142u\u017cy do odprowadzania spalin z urz\u0105dze\u0144 spalaj\u0105cych paliwa gazowe i ciek\u0142e. Przeznaczony jest on do wmontowania w istniej\u0105cy komin w celu zabezpieczenia go przed dzia\u0142aniem kwa\u015bnego kondensatu jaki powstaje w wyniku procesu spalania gazu lub oleju opa\u0142owego. Podstawowym materia\u0142em u\u017cywanym do produkcji wk\u0142ad\u00f3w kominowych jest wysokogatunkowa stal stopowa H17N-14M2T, kt\u00f3rej odpowiednikiem jest blacha kwasoodporna (gat. 1.4404).<br \/><br \/>W zale\u017cno\u015bci od potrzeb wykonujemy tak\u017ce wk\u0142ady kominowe owalne. Nasza firma zajmuje si\u0119 r\u00f3wnie\u017c doborem oraz monta\u017cem wk\u0142ad\u00f3w kominowych bezpo\u015brednio u klient\u00f3w.<\/p>\t\t\t\t\t\t<\/div>\n\t\t\t\t<\/div>\n\t\t\t\t\t<\/div>\n\t\t<\/div>\n\t\t\t\t<div class=\"elementor-column elementor-col-50 elementor-inner-column elementor-element elementor-element-5db0b39\" data-id=\"5db0b39\" data-element_type=\"column\">\n\t\t\t<div class=\"elementor-widget-wrap elementor-element-populated\">\n\t\t\t\t\t\t\t\t<div class=\"elementor-element elementor-element-1fc5a13 elementor-widget elementor-widget-image\" data-id=\"1fc5a13\" data-element_type=\"widget\" data-widget_type=\"image.default\">\n\t\t\t\t<div class=\"elementor-widget-container\">\n\t\t\t\t\t\t\t\t\t\t\t\t\t\t\t<img loading=\"lazy\" decoding=\"async\" width=\"137\" height=\"308\" src=\"https:\/\/markus1.pl\/wp-content\/uploads\/2021\/08\/wklad.png\" class=\"attachment-large size-large\" alt=\"\" \/>\t\t\t\t\t\t\t\t\t\t\t\t\t\t\t<\/div>\n\t\t\t\t<\/div>\n\t\t\t\t\t<\/div>\n\t\t<\/div>\n\t\t\t\t\t\t\t<\/div>\n\t\t<\/section>\n\t\t\t\t\t<\/div>\n\t\t<\/div>\n\t\t\t\t\t\t\t<\/div>\n\t\t<\/section>\n\t\t\t\t<section class=\"elementor-section elementor-top-section elementor-element elementor-element-da8676e elementor-section-boxed elementor-section-height-default elementor-section-height-default\" data-id=\"da8676e\" data-element_type=\"section\">\n\t\t\t\t\t\t<div class=\"elementor-container elementor-column-gap-default\">\n\t\t\t\t\t<div class=\"elementor-column elementor-col-100 elementor-top-column elementor-element elementor-element-86be3a7\" data-id=\"86be3a7\" data-element_type=\"column\">\n\t\t\t<div class=\"elementor-widget-wrap elementor-element-populated\">\n\t\t\t\t\t\t\t\t<div class=\"elementor-element elementor-element-f364f8f elementor-widget elementor-widget-pdf_viewer\" data-id=\"f364f8f\" data-element_type=\"widget\" data-widget_type=\"pdf_viewer.default\">\n\t\t\t\t<div class=\"elementor-widget-container\">\n\t\t\t<iframe src=\"https:\/\/docs.google.com\/viewer?url=https:\/\/markus1.pl\/wp-content\/uploads\/2021\/09\/montaz2.pdf&amp;embedded=true\" style=\"display: block; margin-left: auto; margin-right: auto; width: 640px; height: 1020px;\" frameborder=\"1\" marginheight=\"0px\" marginwidth=\"0px\" allowfullscreen><\/iframe>\t\t<\/div>\n\t\t\t\t<\/div>\n\t\t\t\t\t<\/div>\n\t\t<\/div>\n\t\t\t\t\t\t\t<\/div>\n\t\t<\/section>\n\t\t\t\t\t\t<\/div>\n\t\t\t\t\t<\/div>\n\t\t","protected":false},"excerpt":{"rendered":"<p>Wk\u0142ady kominowe kwasoodporne Wk\u0142ad kominowy ze stali kwasoodpornej s\u0142u\u017cy do odprowadzania spalin z urz\u0105dze\u0144 spalaj\u0105cych paliwa gazowe i ciek\u0142e. Przeznaczony jest on do wmontowania w istniej\u0105cy komin w celu zabezpieczenia &#8230;<\/p>\n","protected":false},"author":1,"featured_media":0,"parent":0,"menu_order":0,"comment_status":"closed","ping_status":"closed","template":"elementor_header_footer","meta":{"ngg_post_thumbnail":0,"footnotes":""},"class_list":["post-142","page","type-page","status-publish","hentry"],"_links":{"self":[{"href":"https:\/\/markus1.pl\/index.php?rest_route=\/wp\/v2\/pages\/142","targetHints":{"allow":["GET"]}}],"collection":[{"href":"https:\/\/markus1.pl\/index.php?rest_route=\/wp\/v2\/pages"}],"about":[{"href":"https:\/\/markus1.pl\/index.php?rest_route=\/wp\/v2\/types\/page"}],"author":[{"embeddable":true,"href":"https:\/\/markus1.pl\/index.php?rest_route=\/wp\/v2\/users\/1"}],"replies":[{"embeddable":true,"href":"https:\/\/markus1.pl\/index.php?rest_route=%2Fwp%2Fv2%2Fcomments&post=142"}],"version-history":[{"count":16,"href":"https:\/\/markus1.pl\/index.php?rest_route=\/wp\/v2\/pages\/142\/revisions"}],"predecessor-version":[{"id":386,"href":"https:\/\/markus1.pl\/index.php?rest_route=\/wp\/v2\/pages\/142\/revisions\/386"}],"wp:attachment":[{"href":"https:\/\/markus1.pl\/index.php?rest_route=%2Fwp%2Fv2%2Fmedia&parent=142"}],"curies":[{"name":"wp","href":"https:\/\/api.w.org\/{rel}","templated":true}]}}