{"id":163,"date":"2021-08-29T11:46:30","date_gmt":"2021-08-29T09:46:30","guid":{"rendered":"http:\/\/server699024.nazwa.pl\/demo\/markus\/?page_id=163"},"modified":"2021-08-29T11:48:51","modified_gmt":"2021-08-29T09:48:51","slug":"kominy-dwuscienne","status":"publish","type":"page","link":"https:\/\/markus1.pl\/?page_id=163","title":{"rendered":"Kominy dwu\u015bcienne"},"content":{"rendered":"\t\t<div data-elementor-type=\"wp-page\" data-elementor-id=\"163\" class=\"elementor elementor-163\" data-elementor-settings=\"[]\">\n\t\t\t\t\t\t\t<div class=\"elementor-section-wrap\">\n\t\t\t\t\t\t\t<section class=\"elementor-section elementor-top-section elementor-element elementor-element-4613674 elementor-section-boxed elementor-section-height-default elementor-section-height-default\" data-id=\"4613674\" data-element_type=\"section\">\n\t\t\t\t\t\t<div class=\"elementor-container elementor-column-gap-default\">\n\t\t\t\t\t<div class=\"elementor-column elementor-col-100 elementor-top-column elementor-element elementor-element-cbb75f2\" data-id=\"cbb75f2\" data-element_type=\"column\">\n\t\t\t<div class=\"elementor-widget-wrap elementor-element-populated\">\n\t\t\t\t\t\t\t\t<div class=\"elementor-element elementor-element-9d658ca elementor-widget elementor-widget-heading\" data-id=\"9d658ca\" data-element_type=\"widget\" data-widget_type=\"heading.default\">\n\t\t\t\t<div class=\"elementor-widget-container\">\n\t\t\t<h2 class=\"elementor-heading-title elementor-size-default\">Kominy dwu\u015bcienne<\/h2>\t\t<\/div>\n\t\t\t\t<\/div>\n\t\t\t\t<div class=\"elementor-element elementor-element-40343b3 elementor-widget-divider--view-line elementor-widget elementor-widget-divider\" data-id=\"40343b3\" data-element_type=\"widget\" data-widget_type=\"divider.default\">\n\t\t\t\t<div class=\"elementor-widget-container\">\n\t\t\t\t\t<div class=\"elementor-divider\">\n\t\t\t<span class=\"elementor-divider-separator\">\n\t\t\t\t\t\t<\/span>\n\t\t<\/div>\n\t\t\t\t<\/div>\n\t\t\t\t<\/div>\n\t\t\t\t<section class=\"elementor-section elementor-inner-section elementor-element elementor-element-d20eaef elementor-section-boxed elementor-section-height-default elementor-section-height-default\" data-id=\"d20eaef\" data-element_type=\"section\">\n\t\t\t\t\t\t<div class=\"elementor-container elementor-column-gap-default\">\n\t\t\t\t\t<div class=\"elementor-column elementor-col-50 elementor-inner-column elementor-element elementor-element-34376dd\" data-id=\"34376dd\" data-element_type=\"column\">\n\t\t\t<div class=\"elementor-widget-wrap elementor-element-populated\">\n\t\t\t\t\t\t\t\t<div class=\"elementor-element elementor-element-0916a3c elementor-widget elementor-widget-heading\" data-id=\"0916a3c\" data-element_type=\"widget\" data-widget_type=\"heading.default\">\n\t\t\t\t<div class=\"elementor-widget-container\">\n\t\t\t<h3 class=\"elementor-heading-title elementor-size-default\">KOMIN DWU\u015aCIENNY KWASOODPORNY<\/h3>\t\t<\/div>\n\t\t\t\t<\/div>\n\t\t\t\t<div class=\"elementor-element elementor-element-e89e80f elementor-widget elementor-widget-text-editor\" data-id=\"e89e80f\" data-element_type=\"widget\" data-widget_type=\"text-editor.default\">\n\t\t\t\t<div class=\"elementor-widget-container\">\n\t\t\t\t\t\t\t<p>Kominy dwu\u015bcienne wykorzystuje si\u0119, gdy nie ma komina murowanego lub skorzystanie z niego jest niemo\u017cliwe. Proponowane kominy przeznaczone s\u0105 do odprowadzania spalin z kot\u0142\u00f3w opalanych gazem lub olejem. Wewn\u0119trzna cz\u0119\u015b\u0107 komina wykonana jest z blachy kwasoodpornej (gat. 1.4404) natomiast zewn\u0119trzny p\u0142aszcz wykonany jest z blachy kwasoodpornej o wysokim po\u0142ysku (gat. 1.4301). Kominy dwu\u015bcienne montowane s\u0105 cz\u0119\u015bciowo lub ca\u0142kowicie na zewn\u0105trz budynku.<\/p>\t\t\t\t\t\t<\/div>\n\t\t\t\t<\/div>\n\t\t\t\t<div class=\"elementor-element elementor-element-49b2430 elementor-widget elementor-widget-heading\" data-id=\"49b2430\" data-element_type=\"widget\" data-widget_type=\"heading.default\">\n\t\t\t\t<div class=\"elementor-widget-container\">\n\t\t\t<h3 class=\"elementor-heading-title elementor-size-default\">KOMIN DWU\u015aCIENNY \u017bAROODPORNY<\/h3>\t\t<\/div>\n\t\t\t\t<\/div>\n\t\t\t\t<div class=\"elementor-element elementor-element-931d222 elementor-widget elementor-widget-text-editor\" data-id=\"931d222\" data-element_type=\"widget\" data-widget_type=\"text-editor.default\">\n\t\t\t\t<div class=\"elementor-widget-container\">\n\t\t\t\t\t\t\t<p>Kominy dwu\u015bcienne \u017caroodporne przeznaczone s\u0105 do odprowadzania spalin z komink\u00f3w i kot\u0142\u00f3w opalanych ekologicznymi paliwami sta\u0142ymi. Tak jak kominy kwasoodporne wykorzystuje si\u0119 je, gdy nie ma komina murowanego lub skorzystanie z niego jest niemo\u017cliwe. Wewntrzna cz\u0119\u015b\u0107 komina wykonana jest z blachy \u017caroodpornej (gat. 1.4828), zewn\u0119trzn\u0105 blach\u0105 jest blacha kwasoodporna (gat. 1.4301) o wysokim po\u0142ysku.<\/p>\t\t\t\t\t\t<\/div>\n\t\t\t\t<\/div>\n\t\t\t\t\t<\/div>\n\t\t<\/div>\n\t\t\t\t<div class=\"elementor-column elementor-col-50 elementor-inner-column elementor-element elementor-element-067e20a\" data-id=\"067e20a\" data-element_type=\"column\">\n\t\t\t<div class=\"elementor-widget-wrap elementor-element-populated\">\n\t\t\t\t\t\t\t\t<div class=\"elementor-element elementor-element-a10a696 elementor-widget elementor-widget-image\" data-id=\"a10a696\" data-element_type=\"widget\" data-widget_type=\"image.default\">\n\t\t\t\t<div class=\"elementor-widget-container\">\n\t\t\t\t\t\t\t\t\t\t\t\t\t\t\t<img loading=\"lazy\" decoding=\"async\" width=\"125\" height=\"353\" src=\"https:\/\/markus1.pl\/wp-content\/uploads\/2021\/08\/wklad3.png\" class=\"attachment-large size-large\" alt=\"\" \/>\t\t\t\t\t\t\t\t\t\t\t\t\t\t\t<\/div>\n\t\t\t\t<\/div>\n\t\t\t\t\t<\/div>\n\t\t<\/div>\n\t\t\t\t\t\t\t<\/div>\n\t\t<\/section>\n\t\t\t\t\t<\/div>\n\t\t<\/div>\n\t\t\t\t\t\t\t<\/div>\n\t\t<\/section>\n\t\t\t\t<section class=\"elementor-section elementor-top-section elementor-element elementor-element-0119a9e elementor-section-boxed elementor-section-height-default elementor-section-height-default\" data-id=\"0119a9e\" data-element_type=\"section\">\n\t\t\t\t\t\t<div class=\"elementor-container elementor-column-gap-default\">\n\t\t\t\t\t<div class=\"elementor-column elementor-col-100 elementor-top-column elementor-element elementor-element-571d5d3\" data-id=\"571d5d3\" data-element_type=\"column\">\n\t\t\t<div class=\"elementor-widget-wrap\">\n\t\t\t\t\t\t\t\t\t<\/div>\n\t\t<\/div>\n\t\t\t\t\t\t\t<\/div>\n\t\t<\/section>\n\t\t\t\t\t\t<\/div>\n\t\t\t\t\t<\/div>\n\t\t","protected":false},"excerpt":{"rendered":"<p>Kominy dwu\u015bcienne KOMIN DWU\u015aCIENNY KWASOODPORNY Kominy dwu\u015bcienne wykorzystuje si\u0119, gdy nie ma komina murowanego lub skorzystanie z niego jest niemo\u017cliwe. Proponowane kominy przeznaczone s\u0105 do odprowadzania spalin z kot\u0142\u00f3w opalanych &#8230;<\/p>\n","protected":false},"author":1,"featured_media":0,"parent":0,"menu_order":0,"comment_status":"closed","ping_status":"closed","template":"elementor_header_footer","meta":{"ngg_post_thumbnail":0,"footnotes":""},"class_list":["post-163","page","type-page","status-publish","hentry"],"_links":{"self":[{"href":"https:\/\/markus1.pl\/index.php?rest_route=\/wp\/v2\/pages\/163","targetHints":{"allow":["GET"]}}],"collection":[{"href":"https:\/\/markus1.pl\/index.php?rest_route=\/wp\/v2\/pages"}],"about":[{"href":"https:\/\/markus1.pl\/index.php?rest_route=\/wp\/v2\/types\/page"}],"author":[{"embeddable":true,"href":"https:\/\/markus1.pl\/index.php?rest_route=\/wp\/v2\/users\/1"}],"replies":[{"embeddable":true,"href":"https:\/\/markus1.pl\/index.php?rest_route=%2Fwp%2Fv2%2Fcomments&post=163"}],"version-history":[{"count":7,"href":"https:\/\/markus1.pl\/index.php?rest_route=\/wp\/v2\/pages\/163\/revisions"}],"predecessor-version":[{"id":171,"href":"https:\/\/markus1.pl\/index.php?rest_route=\/wp\/v2\/pages\/163\/revisions\/171"}],"wp:attachment":[{"href":"https:\/\/markus1.pl\/index.php?rest_route=%2Fwp%2Fv2%2Fmedia&parent=163"}],"curies":[{"name":"wp","href":"https:\/\/api.w.org\/{rel}","templated":true}]}}