{"id":21,"date":"2021-08-29T10:22:33","date_gmt":"2021-08-29T08:22:33","guid":{"rendered":"http:\/\/server699024.nazwa.pl\/demo\/markus\/?page_id=21"},"modified":"2021-08-29T12:37:38","modified_gmt":"2021-08-29T10:37:38","slug":"systemy-kominowe","status":"publish","type":"page","link":"https:\/\/markus1.pl\/?page_id=21","title":{"rendered":"Systemy kominowe"},"content":{"rendered":"\t\t<div data-elementor-type=\"wp-page\" data-elementor-id=\"21\" class=\"elementor elementor-21\" data-elementor-settings=\"[]\">\n\t\t\t\t\t\t\t<div class=\"elementor-section-wrap\">\n\t\t\t\t\t\t\t<section class=\"elementor-section elementor-top-section elementor-element elementor-element-a8f58d1 elementor-section-boxed elementor-section-height-default elementor-section-height-default\" data-id=\"a8f58d1\" data-element_type=\"section\">\n\t\t\t\t\t\t<div class=\"elementor-container elementor-column-gap-default\">\n\t\t\t\t\t<div class=\"elementor-column elementor-col-100 elementor-top-column elementor-element elementor-element-195268f\" data-id=\"195268f\" data-element_type=\"column\">\n\t\t\t<div class=\"elementor-widget-wrap elementor-element-populated\">\n\t\t\t\t\t\t\t\t<div class=\"elementor-element elementor-element-f5bd72d elementor-widget elementor-widget-heading\" data-id=\"f5bd72d\" data-element_type=\"widget\" data-widget_type=\"heading.default\">\n\t\t\t\t<div class=\"elementor-widget-container\">\n\t\t\t<h2 class=\"elementor-heading-title elementor-size-default\">Systemy kominowe<\/h2>\t\t<\/div>\n\t\t\t\t<\/div>\n\t\t\t\t<div class=\"elementor-element elementor-element-2281395 elementor-widget-divider--view-line elementor-widget elementor-widget-divider\" data-id=\"2281395\" data-element_type=\"widget\" data-widget_type=\"divider.default\">\n\t\t\t\t<div class=\"elementor-widget-container\">\n\t\t\t\t\t<div class=\"elementor-divider\">\n\t\t\t<span class=\"elementor-divider-separator\">\n\t\t\t\t\t\t<\/span>\n\t\t<\/div>\n\t\t\t\t<\/div>\n\t\t\t\t<\/div>\n\t\t\t\t<section class=\"elementor-section elementor-inner-section elementor-element elementor-element-8907922 elementor-section-boxed elementor-section-height-default elementor-section-height-default\" data-id=\"8907922\" data-element_type=\"section\">\n\t\t\t\t\t\t<div class=\"elementor-container elementor-column-gap-default\">\n\t\t\t\t\t<div class=\"elementor-column elementor-col-50 elementor-inner-column elementor-element elementor-element-673f776\" data-id=\"673f776\" data-element_type=\"column\">\n\t\t\t<div class=\"elementor-widget-wrap elementor-element-populated\">\n\t\t\t\t\t\t\t\t<div class=\"elementor-element elementor-element-1896047 elementor-widget elementor-widget-text-editor\" data-id=\"1896047\" data-element_type=\"widget\" data-widget_type=\"text-editor.default\">\n\t\t\t\t<div class=\"elementor-widget-container\">\n\t\t\t\t\t\t\t<p><strong>Wk\u0142ad kominowy<\/strong> wykonany jest w postaci rury. Wszystkie elementy rurowe wk\u0142adu po\u0142\u0105czone s\u0105 wzd\u0142u\u017cnie za pomoc\u0105 spoiny mikroplazmowej. Poszczeg\u00f3lne elementy posiadaj\u0105 cylindrycznie rozwalcowane ko\u0144c\u00f3wki, kt\u00f3re umo\u017cliwiaj\u0105 ich kielichowe po\u0142\u0105czenie. W elementach rurowych wykonane s\u0105 jednostronnie \u017c\u0142obki, kt\u00f3re w po\u0142\u0105czeniu z cz\u015bci\u0105 kielichow\u0105 zwi\u0119kszaj\u0105 stabilno\u015b\u0107 rury oraz stanowi\u0105 jednocze\u015bnie element sk\u0142adowy po\u0142\u0105czenia, a w przypadku dylatacji termicznej uniemo\u017cliwiaj\u0105 przemieszczanie si\u0119 element\u00f3w komina wzgl\u0119dem siebie. Ma\u0142a pojemno\u015b\u0107 cieplna wk\u0142adu w por\u00f3wnaniu z kominami wykonanymi z innych materia\u0142\u00f3w umo\u017cliwia jego szybkie nagrzanie, co eliminuje wykraplanie spalin.<\/p>\t\t\t\t\t\t<\/div>\n\t\t\t\t<\/div>\n\t\t\t\t\t<\/div>\n\t\t<\/div>\n\t\t\t\t<div class=\"elementor-column elementor-col-50 elementor-inner-column elementor-element elementor-element-0d6dd34\" data-id=\"0d6dd34\" data-element_type=\"column\">\n\t\t\t<div class=\"elementor-widget-wrap elementor-element-populated\">\n\t\t\t\t\t\t\t\t<div class=\"elementor-element elementor-element-7c56a68 elementor-widget elementor-widget-image\" data-id=\"7c56a68\" data-element_type=\"widget\" data-widget_type=\"image.default\">\n\t\t\t\t<div class=\"elementor-widget-container\">\n\t\t\t\t\t\t\t\t\t\t\t\t\t\t\t<img loading=\"lazy\" decoding=\"async\" width=\"600\" height=\"444\" src=\"https:\/\/markus1.pl\/wp-content\/uploads\/2021\/08\/systemy.png\" class=\"attachment-large size-large\" alt=\"\" \/>\t\t\t\t\t\t\t\t\t\t\t\t\t\t\t<\/div>\n\t\t\t\t<\/div>\n\t\t\t\t\t<\/div>\n\t\t<\/div>\n\t\t\t\t\t\t\t<\/div>\n\t\t<\/section>\n\t\t\t\t\t<\/div>\n\t\t<\/div>\n\t\t\t\t\t\t\t<\/div>\n\t\t<\/section>\n\t\t\t\t\t\t<\/div>\n\t\t\t\t\t<\/div>\n\t\t","protected":false},"excerpt":{"rendered":"<p>Systemy kominowe Wk\u0142ad kominowy wykonany jest w postaci rury. Wszystkie elementy rurowe wk\u0142adu po\u0142\u0105czone s\u0105 wzd\u0142u\u017cnie za pomoc\u0105 spoiny mikroplazmowej. Poszczeg\u00f3lne elementy posiadaj\u0105 cylindrycznie rozwalcowane ko\u0144c\u00f3wki, kt\u00f3re umo\u017cliwiaj\u0105 ich kielichowe &#8230;<\/p>\n","protected":false},"author":1,"featured_media":0,"parent":0,"menu_order":0,"comment_status":"closed","ping_status":"closed","template":"elementor_header_footer","meta":{"ngg_post_thumbnail":0,"footnotes":""},"class_list":["post-21","page","type-page","status-publish","hentry"],"_links":{"self":[{"href":"https:\/\/markus1.pl\/index.php?rest_route=\/wp\/v2\/pages\/21","targetHints":{"allow":["GET"]}}],"collection":[{"href":"https:\/\/markus1.pl\/index.php?rest_route=\/wp\/v2\/pages"}],"about":[{"href":"https:\/\/markus1.pl\/index.php?rest_route=\/wp\/v2\/types\/page"}],"author":[{"embeddable":true,"href":"https:\/\/markus1.pl\/index.php?rest_route=\/wp\/v2\/users\/1"}],"replies":[{"embeddable":true,"href":"https:\/\/markus1.pl\/index.php?rest_route=%2Fwp%2Fv2%2Fcomments&post=21"}],"version-history":[{"count":17,"href":"https:\/\/markus1.pl\/index.php?rest_route=\/wp\/v2\/pages\/21\/revisions"}],"predecessor-version":[{"id":266,"href":"https:\/\/markus1.pl\/index.php?rest_route=\/wp\/v2\/pages\/21\/revisions\/266"}],"wp:attachment":[{"href":"https:\/\/markus1.pl\/index.php?rest_route=%2Fwp%2Fv2%2Fmedia&parent=21"}],"curies":[{"name":"wp","href":"https:\/\/api.w.org\/{rel}","templated":true}]}}