{"id":211,"date":"2021-08-29T12:03:47","date_gmt":"2021-08-29T10:03:47","guid":{"rendered":"http:\/\/server699024.nazwa.pl\/demo\/markus\/?page_id=211"},"modified":"2021-08-30T20:36:56","modified_gmt":"2021-08-30T18:36:56","slug":"sprzedaz-urzadzen-grzewczych","status":"publish","type":"page","link":"https:\/\/markus1.pl\/?page_id=211","title":{"rendered":"Sprzeda\u017c urz\u0105dze\u0144 grzewczych"},"content":{"rendered":"\t\t<div data-elementor-type=\"wp-page\" data-elementor-id=\"211\" class=\"elementor elementor-211\" data-elementor-settings=\"[]\">\n\t\t\t\t\t\t\t<div class=\"elementor-section-wrap\">\n\t\t\t\t\t\t\t<section class=\"elementor-section elementor-top-section elementor-element elementor-element-c422a78 elementor-section-boxed elementor-section-height-default elementor-section-height-default\" data-id=\"c422a78\" data-element_type=\"section\">\n\t\t\t\t\t\t<div class=\"elementor-container elementor-column-gap-default\">\n\t\t\t\t\t<div class=\"elementor-column elementor-col-100 elementor-top-column elementor-element elementor-element-961b612\" data-id=\"961b612\" data-element_type=\"column\">\n\t\t\t<div class=\"elementor-widget-wrap elementor-element-populated\">\n\t\t\t\t\t\t\t\t<div class=\"elementor-element elementor-element-b7dd4bf elementor-widget elementor-widget-heading\" data-id=\"b7dd4bf\" data-element_type=\"widget\" data-widget_type=\"heading.default\">\n\t\t\t\t<div class=\"elementor-widget-container\">\n\t\t\t<h2 class=\"elementor-heading-title elementor-size-default\">Sprzeda\u017c URZ\u0104DZE\u0143 GRZEWCZYCH<\/h2>\t\t<\/div>\n\t\t\t\t<\/div>\n\t\t\t\t<div class=\"elementor-element elementor-element-78d709e elementor-widget-divider--view-line elementor-widget elementor-widget-divider\" data-id=\"78d709e\" data-element_type=\"widget\" data-widget_type=\"divider.default\">\n\t\t\t\t<div class=\"elementor-widget-container\">\n\t\t\t\t\t<div class=\"elementor-divider\">\n\t\t\t<span class=\"elementor-divider-separator\">\n\t\t\t\t\t\t<\/span>\n\t\t<\/div>\n\t\t\t\t<\/div>\n\t\t\t\t<\/div>\n\t\t\t\t<div class=\"elementor-element elementor-element-3a4be78 elementor-widget elementor-widget-heading\" data-id=\"3a4be78\" data-element_type=\"widget\" data-widget_type=\"heading.default\">\n\t\t\t\t<div class=\"elementor-widget-container\">\n\t\t\t<h3 class=\"elementor-heading-title elementor-size-default\">OFERUJEMY:<\/h3>\t\t<\/div>\n\t\t\t\t<\/div>\n\t\t\t\t<div class=\"elementor-element elementor-element-211a6ae elementor-widget elementor-widget-text-editor\" data-id=\"211a6ae\" data-element_type=\"widget\" data-widget_type=\"text-editor.default\">\n\t\t\t\t<div class=\"elementor-widget-container\">\n\t\t\t\t\t\t\t<p><strong>Kot\u0142y gazowe<\/strong><\/p><p><strong>Kot\u0142y olejowe<\/strong><\/p><p><strong>Kot\u0142y kondensacyjne<\/strong><\/p><p><strong>Zestawy solarne<\/strong><\/p><p><strong>Nowoczesne systemy grzewcze<\/strong><\/p><p><strong>Szeroki asortyment grzejnik\u00f3w<\/strong><\/p><p><strong>Palniki olejowe i gazowe<\/strong><\/p>\t\t\t\t\t\t<\/div>\n\t\t\t\t<\/div>\n\t\t\t\t<div class=\"elementor-element elementor-element-a23721c elementor-widget elementor-widget-heading\" data-id=\"a23721c\" data-element_type=\"widget\" data-widget_type=\"heading.default\">\n\t\t\t\t<div class=\"elementor-widget-container\">\n\t\t\t<h3 class=\"elementor-heading-title elementor-size-default\">GWARANTUJEMY PROFSJONALNY MONTA\u017b, SERWIS ORAZ CZ\u0118\u015aCI ZAMIENNE:<\/h3>\t\t<\/div>\n\t\t\t\t<\/div>\n\t\t\t\t<div class=\"elementor-element elementor-element-462f166 elementor-arrows-position-inside elementor-widget elementor-widget-image-carousel\" data-id=\"462f166\" data-element_type=\"widget\" data-settings=\"{&quot;slides_to_show&quot;:&quot;4&quot;,&quot;slides_to_scroll&quot;:&quot;1&quot;,&quot;navigation&quot;:&quot;arrows&quot;,&quot;autoplay&quot;:&quot;yes&quot;,&quot;pause_on_hover&quot;:&quot;yes&quot;,&quot;pause_on_interaction&quot;:&quot;yes&quot;,&quot;autoplay_speed&quot;:5000,&quot;infinite&quot;:&quot;yes&quot;,&quot;speed&quot;:500,&quot;image_spacing_custom&quot;:{&quot;unit&quot;:&quot;px&quot;,&quot;size&quot;:20,&quot;sizes&quot;:[]}}\" data-widget_type=\"image-carousel.default\">\n\t\t\t\t<div class=\"elementor-widget-container\">\n\t\t\t\t\t<div class=\"elementor-image-carousel-wrapper swiper-container\" dir=\"ltr\">\n\t\t\t<div class=\"elementor-image-carousel swiper-wrapper\">\n\t\t\t\t\t\t\t\t<div class=\"swiper-slide\"><figure class=\"swiper-slide-inner\"><img decoding=\"async\" class=\"swiper-slide-image\" src=\"https:\/\/markus1.pl\/wp-content\/uploads\/2021\/08\/Buderus-logo.jpg\" alt=\"Buderus-logo\" \/><\/figure><\/div><div class=\"swiper-slide\"><figure class=\"swiper-slide-inner\"><img decoding=\"async\" class=\"swiper-slide-image\" src=\"https:\/\/markus1.pl\/wp-content\/uploads\/2021\/08\/Logo-Termet-JPG2-768x319.jpg\" alt=\"Logo Termet JPG(2)\" \/><\/figure><\/div><div class=\"swiper-slide\"><figure class=\"swiper-slide-inner\"><img decoding=\"async\" class=\"swiper-slide-image\" src=\"https:\/\/markus1.pl\/wp-content\/uploads\/2021\/08\/Logo_Weishaupt.svg-768x202.png\" alt=\"Logo_Weishaupt.svg\" \/><\/figure><\/div><div class=\"swiper-slide\"><figure class=\"swiper-slide-inner\"><img decoding=\"async\" class=\"swiper-slide-image\" src=\"https:\/\/markus1.pl\/wp-content\/uploads\/2021\/08\/Logo-Purmo1-1-768x149.jpg\" alt=\"Logo-Purmo1-1\" \/><\/figure><\/div><div class=\"swiper-slide\"><figure class=\"swiper-slide-inner\"><img decoding=\"async\" class=\"swiper-slide-image\" src=\"https:\/\/markus1.pl\/wp-content\/uploads\/2021\/08\/riello08.jpg\" alt=\"riello08\" \/><\/figure><\/div><div class=\"swiper-slide\"><figure class=\"swiper-slide-inner\"><img decoding=\"async\" class=\"swiper-slide-image\" src=\"https:\/\/markus1.pl\/wp-content\/uploads\/2021\/08\/sd-pl-pl-1880256.png\" alt=\"sd-pl-pl-1880256\" \/><\/figure><\/div><div class=\"swiper-slide\"><figure class=\"swiper-slide-inner\"><img decoding=\"async\" class=\"swiper-slide-image\" src=\"https:\/\/markus1.pl\/wp-content\/uploads\/2021\/08\/viessmann-logo.jpg\" alt=\"viessmann-logo\" \/><\/figure><\/div>\t\t\t<\/div>\n\t\t\t\t\t\t\t\t\t\t\t\t\t\t\t\t<div class=\"elementor-swiper-button elementor-swiper-button-prev\">\n\t\t\t\t\t\t<i class=\"eicon-chevron-left\" aria-hidden=\"true\"><\/i>\n\t\t\t\t\t\t<span class=\"elementor-screen-only\">Poprzednie<\/span>\n\t\t\t\t\t<\/div>\n\t\t\t\t\t<div class=\"elementor-swiper-button elementor-swiper-button-next\">\n\t\t\t\t\t\t<i class=\"eicon-chevron-right\" aria-hidden=\"true\"><\/i>\n\t\t\t\t\t\t<span class=\"elementor-screen-only\">Nast\u0119pne<\/span>\n\t\t\t\t\t<\/div>\n\t\t\t\t\t\t\t\t\t<\/div>\n\t\t\t\t<\/div>\n\t\t\t\t<\/div>\n\t\t\t\t\t<\/div>\n\t\t<\/div>\n\t\t\t\t\t\t\t<\/div>\n\t\t<\/section>\n\t\t\t\t\t\t<\/div>\n\t\t\t\t\t<\/div>\n\t\t","protected":false},"excerpt":{"rendered":"<p>Sprzeda\u017c URZ\u0104DZE\u0143 GRZEWCZYCH OFERUJEMY: Kot\u0142y gazowe Kot\u0142y olejowe Kot\u0142y kondensacyjne Zestawy solarne Nowoczesne systemy grzewcze Szeroki asortyment grzejnik\u00f3w Palniki olejowe i gazowe GWARANTUJEMY PROFSJONALNY MONTA\u017b, SERWIS ORAZ CZ\u0118\u015aCI ZAMIENNE: Poprzednie &#8230;<\/p>\n","protected":false},"author":1,"featured_media":0,"parent":0,"menu_order":0,"comment_status":"closed","ping_status":"closed","template":"elementor_header_footer","meta":{"ngg_post_thumbnail":0,"footnotes":""},"class_list":["post-211","page","type-page","status-publish","hentry"],"_links":{"self":[{"href":"https:\/\/markus1.pl\/index.php?rest_route=\/wp\/v2\/pages\/211","targetHints":{"allow":["GET"]}}],"collection":[{"href":"https:\/\/markus1.pl\/index.php?rest_route=\/wp\/v2\/pages"}],"about":[{"href":"https:\/\/markus1.pl\/index.php?rest_route=\/wp\/v2\/types\/page"}],"author":[{"embeddable":true,"href":"https:\/\/markus1.pl\/index.php?rest_route=\/wp\/v2\/users\/1"}],"replies":[{"embeddable":true,"href":"https:\/\/markus1.pl\/index.php?rest_route=%2Fwp%2Fv2%2Fcomments&post=211"}],"version-history":[{"count":10,"href":"https:\/\/markus1.pl\/index.php?rest_route=\/wp\/v2\/pages\/211\/revisions"}],"predecessor-version":[{"id":353,"href":"https:\/\/markus1.pl\/index.php?rest_route=\/wp\/v2\/pages\/211\/revisions\/353"}],"wp:attachment":[{"href":"https:\/\/markus1.pl\/index.php?rest_route=%2Fwp%2Fv2%2Fmedia&parent=211"}],"curies":[{"name":"wp","href":"https:\/\/api.w.org\/{rel}","templated":true}]}}