{"id":23,"date":"2021-08-29T10:22:47","date_gmt":"2021-08-29T08:22:47","guid":{"rendered":"http:\/\/server699024.nazwa.pl\/demo\/markus\/?page_id=23"},"modified":"2021-09-14T18:14:34","modified_gmt":"2021-09-14T16:14:34","slug":"urzadzenia-grzewcze","status":"publish","type":"page","link":"https:\/\/markus1.pl\/?page_id=23","title":{"rendered":"Urz\u0105dzenia grzewcze"},"content":{"rendered":"\t\t<div data-elementor-type=\"wp-page\" data-elementor-id=\"23\" class=\"elementor elementor-23\" data-elementor-settings=\"[]\">\n\t\t\t\t\t\t\t<div class=\"elementor-section-wrap\">\n\t\t\t\t\t\t\t<section class=\"elementor-section elementor-top-section elementor-element elementor-element-24dad91 elementor-section-boxed elementor-section-height-default elementor-section-height-default\" data-id=\"24dad91\" data-element_type=\"section\">\n\t\t\t\t\t\t<div class=\"elementor-container elementor-column-gap-default\">\n\t\t\t\t\t<div class=\"elementor-column elementor-col-100 elementor-top-column elementor-element elementor-element-3183263\" data-id=\"3183263\" data-element_type=\"column\">\n\t\t\t<div class=\"elementor-widget-wrap elementor-element-populated\">\n\t\t\t\t\t\t\t\t<div class=\"elementor-element elementor-element-9b6da55 elementor-widget elementor-widget-heading\" data-id=\"9b6da55\" data-element_type=\"widget\" data-widget_type=\"heading.default\">\n\t\t\t\t<div class=\"elementor-widget-container\">\n\t\t\t<h2 class=\"elementor-heading-title elementor-size-default\">SERWIS URZ\u0104DZE\u0143 GRZEWCZYCH<\/h2>\t\t<\/div>\n\t\t\t\t<\/div>\n\t\t\t\t<div class=\"elementor-element elementor-element-8373cf5 elementor-widget-divider--view-line elementor-widget elementor-widget-divider\" data-id=\"8373cf5\" data-element_type=\"widget\" data-widget_type=\"divider.default\">\n\t\t\t\t<div class=\"elementor-widget-container\">\n\t\t\t\t\t<div class=\"elementor-divider\">\n\t\t\t<span class=\"elementor-divider-separator\">\n\t\t\t\t\t\t<\/span>\n\t\t<\/div>\n\t\t\t\t<\/div>\n\t\t\t\t<\/div>\n\t\t\t\t<div class=\"elementor-element elementor-element-3eda49a elementor-widget elementor-widget-text-editor\" data-id=\"3eda49a\" data-element_type=\"widget\" data-widget_type=\"text-editor.default\">\n\t\t\t\t<div class=\"elementor-widget-container\">\n\t\t\t\t\t\t\t<p>Przegl\u0105dy urz\u0105dze\u0144 grzewczych to g\u0142\u00f3wny element s\u0142u\u017c\u0105cy utrzymaniu ich na wysokim stopniu sprawno\u015bci technicznej, gwarantuj\u0105cy bezpieczn\u0105 eksploatacj\u0119. Z\u0142e nastawy oraz zabrudzenie powoduj\u0105 utrat\u0119 sprawno\u015bci urz\u0105dzenia, nie wspominaj\u0105c o nieprawid\u0142owej pracy. Nawet najlepsze kot\u0142y bez bie\u017c\u0105cych przegl\u0105d\u00f3w i konserwacji szybko trac\u0105 sw\u0105 sprawno\u015b\u0107, a tym samym koszty u\u017cytkowania staj\u0105 si\u0119 coraz wi\u0119ksze. Gdy dojdzie do powa\u017cnej awarii, mo\u017ce si\u0119 okaza\u0107, \u017ce koszt naprawy urz\u0105dzenia, w kt\u00f3re sporo Pa\u0144stwo zainwestowali przekraczaj\u0105 jego warto\u015b\u0107. Wniosek z tego jest nast\u0119puj\u0105cy: lepiej zapobiega\u0107 (przez bie\u017c\u0105c\u0105 konserwacj\u0119) ni\u017c leczy\u0107 (dokonywa\u0107 kosztownych napraw).<\/p>\t\t\t\t\t\t<\/div>\n\t\t\t\t<\/div>\n\t\t\t\t<div class=\"elementor-element elementor-element-2399f60 elementor-widget elementor-widget-heading\" data-id=\"2399f60\" data-element_type=\"widget\" data-widget_type=\"heading.default\">\n\t\t\t\t<div class=\"elementor-widget-container\">\n\t\t\t<h3 class=\"elementor-heading-title elementor-size-default\">NASZA FIRMA ZAPEWNIA:<\/h3>\t\t<\/div>\n\t\t\t\t<\/div>\n\t\t\t\t<div class=\"elementor-element elementor-element-bfb348a elementor-widget elementor-widget-text-editor\" data-id=\"bfb348a\" data-element_type=\"widget\" data-widget_type=\"text-editor.default\">\n\t\t\t\t<div class=\"elementor-widget-container\">\n\t\t\t\t\t\t\t<p><strong>Fachowy monta\u017c urz\u0105dze\u0144 firm: Vaillant, Viessmann, Buderus, Saunier Duval i Termet<br \/><\/strong><\/p><p><strong>Uruchomienia<\/strong><\/p><p><strong>Przegl\u0105dy gwarancyjne<\/strong><\/p><p><strong>Naprawy gwarancyjne i pogwarancyjne<\/strong><\/p><p><strong>Cz\u0119\u015bci zamienne<\/strong><\/p>\t\t\t\t\t\t<\/div>\n\t\t\t\t<\/div>\n\t\t\t\t<div class=\"elementor-element elementor-element-dd5fd92 elementor-widget elementor-widget-heading\" data-id=\"dd5fd92\" data-element_type=\"widget\" data-widget_type=\"heading.default\">\n\t\t\t\t<div class=\"elementor-widget-container\">\n\t\t\t<h3 class=\"elementor-heading-title elementor-size-default\">OTRZYMALI\u015aMY \u015aWIADECTWA AUTORYZACJI FIRM:<\/h3>\t\t<\/div>\n\t\t\t\t<\/div>\n\t\t\t\t<div class=\"elementor-element elementor-element-081ff53 elementor-arrows-position-inside elementor-widget elementor-widget-image-carousel\" data-id=\"081ff53\" data-element_type=\"widget\" data-settings=\"{&quot;slides_to_show&quot;:&quot;4&quot;,&quot;slides_to_scroll&quot;:&quot;1&quot;,&quot;navigation&quot;:&quot;arrows&quot;,&quot;autoplay&quot;:&quot;yes&quot;,&quot;pause_on_hover&quot;:&quot;yes&quot;,&quot;pause_on_interaction&quot;:&quot;yes&quot;,&quot;autoplay_speed&quot;:5000,&quot;infinite&quot;:&quot;yes&quot;,&quot;speed&quot;:500}\" data-widget_type=\"image-carousel.default\">\n\t\t\t\t<div class=\"elementor-widget-container\">\n\t\t\t\t\t<div class=\"elementor-image-carousel-wrapper swiper-container\" dir=\"ltr\">\n\t\t\t<div class=\"elementor-image-carousel swiper-wrapper\">\n\t\t\t\t\t\t\t\t<div class=\"swiper-slide\"><figure class=\"swiper-slide-inner\"><img decoding=\"async\" class=\"swiper-slide-image\" src=\"https:\/\/markus1.pl\/wp-content\/uploads\/2021\/08\/2.png\" alt=\"2\" \/><\/figure><\/div><div class=\"swiper-slide\"><figure class=\"swiper-slide-inner\"><img decoding=\"async\" class=\"swiper-slide-image\" src=\"https:\/\/markus1.pl\/wp-content\/uploads\/2021\/08\/3.png\" alt=\"3\" \/><\/figure><\/div><div class=\"swiper-slide\"><figure class=\"swiper-slide-inner\"><img decoding=\"async\" class=\"swiper-slide-image\" src=\"https:\/\/markus1.pl\/wp-content\/uploads\/2021\/08\/4.jpg\" alt=\"4\" \/><\/figure><\/div><div class=\"swiper-slide\"><figure class=\"swiper-slide-inner\"><img decoding=\"async\" class=\"swiper-slide-image\" src=\"https:\/\/markus1.pl\/wp-content\/uploads\/2021\/08\/10.jpg\" alt=\"10\" \/><\/figure><\/div><div class=\"swiper-slide\"><figure class=\"swiper-slide-inner\"><img decoding=\"async\" class=\"swiper-slide-image\" src=\"https:\/\/markus1.pl\/wp-content\/uploads\/2021\/08\/111.png\" alt=\"111\" \/><\/figure><\/div>\t\t\t<\/div>\n\t\t\t\t\t\t\t\t\t\t\t\t\t\t\t\t<div class=\"elementor-swiper-button elementor-swiper-button-prev\">\n\t\t\t\t\t\t<i class=\"eicon-chevron-left\" aria-hidden=\"true\"><\/i>\n\t\t\t\t\t\t<span class=\"elementor-screen-only\">Poprzednie<\/span>\n\t\t\t\t\t<\/div>\n\t\t\t\t\t<div class=\"elementor-swiper-button elementor-swiper-button-next\">\n\t\t\t\t\t\t<i class=\"eicon-chevron-right\" aria-hidden=\"true\"><\/i>\n\t\t\t\t\t\t<span class=\"elementor-screen-only\">Nast\u0119pne<\/span>\n\t\t\t\t\t<\/div>\n\t\t\t\t\t\t\t\t\t<\/div>\n\t\t\t\t<\/div>\n\t\t\t\t<\/div>\n\t\t\t\t\t<\/div>\n\t\t<\/div>\n\t\t\t\t\t\t\t<\/div>\n\t\t<\/section>\n\t\t\t\t\t\t<\/div>\n\t\t\t\t\t<\/div>\n\t\t","protected":false},"excerpt":{"rendered":"<p>SERWIS URZ\u0104DZE\u0143 GRZEWCZYCH Przegl\u0105dy urz\u0105dze\u0144 grzewczych to g\u0142\u00f3wny element s\u0142u\u017c\u0105cy utrzymaniu ich na wysokim stopniu sprawno\u015bci technicznej, gwarantuj\u0105cy bezpieczn\u0105 eksploatacj\u0119. Z\u0142e nastawy oraz zabrudzenie powoduj\u0105 utrat\u0119 sprawno\u015bci urz\u0105dzenia, nie wspominaj\u0105c &#8230;<\/p>\n","protected":false},"author":1,"featured_media":0,"parent":0,"menu_order":0,"comment_status":"closed","ping_status":"closed","template":"elementor_header_footer","meta":{"ngg_post_thumbnail":0,"footnotes":""},"class_list":["post-23","page","type-page","status-publish","hentry"],"_links":{"self":[{"href":"https:\/\/markus1.pl\/index.php?rest_route=\/wp\/v2\/pages\/23","targetHints":{"allow":["GET"]}}],"collection":[{"href":"https:\/\/markus1.pl\/index.php?rest_route=\/wp\/v2\/pages"}],"about":[{"href":"https:\/\/markus1.pl\/index.php?rest_route=\/wp\/v2\/types\/page"}],"author":[{"embeddable":true,"href":"https:\/\/markus1.pl\/index.php?rest_route=\/wp\/v2\/users\/1"}],"replies":[{"embeddable":true,"href":"https:\/\/markus1.pl\/index.php?rest_route=%2Fwp%2Fv2%2Fcomments&post=23"}],"version-history":[{"count":16,"href":"https:\/\/markus1.pl\/index.php?rest_route=\/wp\/v2\/pages\/23\/revisions"}],"predecessor-version":[{"id":395,"href":"https:\/\/markus1.pl\/index.php?rest_route=\/wp\/v2\/pages\/23\/revisions\/395"}],"wp:attachment":[{"href":"https:\/\/markus1.pl\/index.php?rest_route=%2Fwp%2Fv2%2Fmedia&parent=23"}],"curies":[{"name":"wp","href":"https:\/\/api.w.org\/{rel}","templated":true}]}}