{"id":27,"date":"2021-08-29T10:23:12","date_gmt":"2021-08-29T08:23:12","guid":{"rendered":"http:\/\/server699024.nazwa.pl\/demo\/markus\/?page_id=27"},"modified":"2021-08-29T12:24:42","modified_gmt":"2021-08-29T10:24:42","slug":"rodo","status":"publish","type":"page","link":"https:\/\/markus1.pl\/?page_id=27","title":{"rendered":"RODO"},"content":{"rendered":"\t\t<div data-elementor-type=\"wp-page\" data-elementor-id=\"27\" class=\"elementor elementor-27\" data-elementor-settings=\"[]\">\n\t\t\t\t\t\t\t<div class=\"elementor-section-wrap\">\n\t\t\t\t\t\t\t<section class=\"elementor-section elementor-top-section elementor-element elementor-element-ec5c459 elementor-section-boxed elementor-section-height-default elementor-section-height-default\" data-id=\"ec5c459\" data-element_type=\"section\">\n\t\t\t\t\t\t<div class=\"elementor-container elementor-column-gap-default\">\n\t\t\t\t\t<div class=\"elementor-column elementor-col-100 elementor-top-column elementor-element elementor-element-47a8d0d\" data-id=\"47a8d0d\" data-element_type=\"column\">\n\t\t\t<div class=\"elementor-widget-wrap elementor-element-populated\">\n\t\t\t\t\t\t\t\t<div class=\"elementor-element elementor-element-22751bb elementor-widget elementor-widget-heading\" data-id=\"22751bb\" data-element_type=\"widget\" data-widget_type=\"heading.default\">\n\t\t\t\t<div class=\"elementor-widget-container\">\n\t\t\t<h2 class=\"elementor-heading-title elementor-size-default\">RODO<\/h2>\t\t<\/div>\n\t\t\t\t<\/div>\n\t\t\t\t<div class=\"elementor-element elementor-element-4285ff0 elementor-widget-divider--view-line elementor-widget elementor-widget-divider\" data-id=\"4285ff0\" data-element_type=\"widget\" data-widget_type=\"divider.default\">\n\t\t\t\t<div class=\"elementor-widget-container\">\n\t\t\t\t\t<div class=\"elementor-divider\">\n\t\t\t<span class=\"elementor-divider-separator\">\n\t\t\t\t\t\t<\/span>\n\t\t<\/div>\n\t\t\t\t<\/div>\n\t\t\t\t<\/div>\n\t\t\t\t<div class=\"elementor-element elementor-element-1effbb5 elementor-widget elementor-widget-text-editor\" data-id=\"1effbb5\" data-element_type=\"widget\" data-widget_type=\"text-editor.default\">\n\t\t\t\t<div class=\"elementor-widget-container\">\n\t\t\t\t\t\t\t<div><strong>INFORMACJE DOTYCZ\u0104CE PRZETWARZANIA DANYCH OSOBOWYCH<\/strong><\/div><div>\u00a0<\/div><div>I. ADMINISTRATOR DANYCH<\/div><div>Administratorem danych osobowych (dalej: \u201eAdministrator\u201d) \u201eMarkus-1\u201d Zak\u0142ad Kotlarski \u2013 Us\u0142ugi Marcin Kusi\u0144ski ul. Rzemie\u015blnicza 10, 13-200 Dzia\u0142dowo, NIP: 571-100-18-06, REGON: 130197996<\/div><div>\u00a0<\/div><div>II. DANE KONTAKTOWE<\/div><div>Jako Administrator nie wyznaczyli\u015bmy inspektora ochrony danych. We wszystkich sprawach dotycz\u0105cych przetwarzania danych osobowych przez nas oraz korzystania z praw zwi\u0105zanych z przetwarzaniem danych mo\u017cesz kontaktowa\u0107 si\u0119 na adres email:\u00a0<span id=\"cloak15153\"><a href=\"mailto:markus@ol.home.pl\">markus@ol.home.pl<\/a><\/span>, lub pisemnie na adres: \u201eMarkus-1\u201d Zak\u0142ad Kotlarski \u2013 Us\u0142ugi Marcin Kusi\u0144ski ul. Rzemie\u015blnicza 10, 13-200 Dzia\u0142dowo, z dopiskiem \u201eDane osobowe\u201d.<\/div><div>\u00a0<\/div><div>III. CELE PRZETWARZANIA ORAZ PODSTAWA PRAWNA PRZETWARZANIA<\/div><div>Twoje dane mog\u0105 by\u0107 przetwarzane w celu:<\/div><div>1. zawarcia i wykonania umowy oraz \u015bwiadczenia us\u0142ug zgodnie z umow\u0105 z uwagi na niezb\u0119dno\u015b\u0107 przetwarzania danych do zawarcia i wykonywania umowy;<\/div><div>2. w celu dochodzenia roszcze\u0144 zwi\u0105zanych z zawart\u0105 z Pani\u0105\/Panem umow\u0105 \/ \u015bwiadczonymi us\u0142ugami z uwagi na niezb\u0119dno\u015b\u0107 przetwarzania do realizacji prawnie uzasadnionego interesu administratora; uzasadnionym interesem administratora jest mo\u017cliwo\u015b\u0107 dochodzenia przez niego roszcze\u0144 zgodnie z postanowieniami<\/div><div>Rozporz\u0105dzenia Parlamentu Europejskiego i Rady (UE) 2016\/679 z dnia 27 kwietnia 2016 r. w sprawie ochrony os\u00f3b fizycznych w zwi\u0105zku z przetwarzaniem danych osobowych i w sprawie swobodnego przep\u0142ywu takich danych oraz uchylenia dyrektywy 95\/46\/WE (og\u00f3lne rozporz\u0105dzenie o ochronie danych)<\/div><div>\u00a0<\/div><div>IV. OKRES, PRZEZ KT\u00d3RY DANE B\u0118D\u0104 PRZECHOWYWANIE<\/div><div>1. Twoje dane osobowe b\u0119d\u0105 przechowywane do momentu przedawnienia roszcze\u0144 z tytu\u0142u umowy\/ \u015bwiadczenia us\u0142ug lub do momentu wyga\u015bni\u0119cia obowi\u0105zku przechowywania danych wynikaj\u0105cego z przepis\u00f3w prawa, w szczeg\u00f3lno\u015bci obowi\u0105zku przechowywania dokument\u00f3w ksi\u0119gowych dotycz\u0105cych umowy.<\/div><div>2. Tam, gdzie przetwarzamy dane osobowe w oparciu o usprawiedliwiony interes Administratora, dane osobowe nie b\u0119d\u0105 przetwarzane dla okre\u015blonego cel\u00f3w je\u017celi zg\u0142osisz sprzeciw wobec takiego przetwarzania.<\/div><div>3. Je\u015bli przetwarzamy dane w oparciu o Twoj\u0105 zgod\u0119, dane osobowe b\u0119d\u0105 przetwarzane do momentu jej wycofania.\u00a0<\/div><div>\u00a0<\/div><div>V. ODBIORCY DANYCH<\/div><div>Twoje dane osobowe mog\u0105 by\u0107 przekazywane podmiotom przetwarzaj\u0105cym dane osobowe na zlecenie Administratora m.in. pracownikom i biurom rachunkowym Administratora przy czym takie podmioty przetwarzaj\u0105 dane na podstawie umowy z Administratorem lub upowa\u017cnienia Administratora i wy\u0142\u0105cznie zgodnie z naszymi poleceniami oraz wy\u0142\u0105cznie w celu \u015bwiadczenia us\u0142ug zgodnie z umow\u0105.<\/div><div>\u00a0<\/div><div>VI. PRAWA OSOBY, KT\u00d3REJ DANE DOTYCZ\u0104<\/div><div>1. Przys\u0142uguje Ci prawo dost\u0119pu do Twoich danych oraz prawo \u017c\u0105dania ich sprostowania, usuni\u0119cia, ograniczenia przetwarzania. Je\u015bli podstaw\u0105 przetwarzania Twoich danych osobowych jest prawnie uzasadniony interes Administratora, mo\u017cesz wnie\u015b\u0107 sprzeciw wobec przetwarzania Twoich danych osobowych. W szczeg\u00f3lno\u015bci przys\u0142uguje Ci prawo sprzeciwu wobec przetwarzania na potrzeby marketingu bezpo\u015bredniego, w tym profilowania i w celach analitycznych.<\/div><div>2. W zakresie, w jakim podstaw\u0105 przetwarzania Twoich danych osobowych jest zgoda, masz prawo cofni\u0119cia zgody. Cofni\u0119cie zgody nie ma wp\u0142ywu na zgodno\u015b\u0107 z prawem przetwarzania, kt\u00f3rego dokonano na podstawie zgody przed jej wycofaniem.<\/div><div>3. W zakresie, w jakim Twoje dane s\u0105 przetwarzane w celu zawarcia i wykonywania umowy\/ \u015bwiadczenia us\u0142ug lub przetwarzane na podstawie zgody \u2013 przys\u0142uguje Ci tak\u017ce prawo do przenoszenia danych osobowych. W takiej sytuacji otrzymasz od nas swoje dane osobowe w ustrukturyzowanym, powszechnie u\u017cywanym formacie, nadaj\u0105cym si\u0119 do odczytu maszynowego. Mo\u017cesz przes\u0142a\u0107 te dane innemu administratorowi danych.<\/div><div>4. Podanie danych osobowych w zwi\u0105zku z zawieran\u0105 umow\u0105 \/ \u015bwiadczonymi na jej podstawie us\u0142ugami jest dobrowolne, ale konieczne do zawarcia i wykonywania umowy \u2013 bez podania danych osobowych nie jest mo\u017cliwe zawarcie umowy \/ \u015bwiadczenie us\u0142ug.<\/div>\t\t\t\t\t\t<\/div>\n\t\t\t\t<\/div>\n\t\t\t\t\t<\/div>\n\t\t<\/div>\n\t\t\t\t\t\t\t<\/div>\n\t\t<\/section>\n\t\t\t\t\t\t<\/div>\n\t\t\t\t\t<\/div>\n\t\t","protected":false},"excerpt":{"rendered":"<p>RODO INFORMACJE DOTYCZ\u0104CE PRZETWARZANIA DANYCH OSOBOWYCH\u00a0I. ADMINISTRATOR DANYCHAdministratorem danych osobowych (dalej: \u201eAdministrator\u201d) \u201eMarkus-1\u201d Zak\u0142ad Kotlarski \u2013 Us\u0142ugi Marcin Kusi\u0144ski ul. Rzemie\u015blnicza 10, 13-200 Dzia\u0142dowo, NIP: 571-100-18-06, REGON: 130197996\u00a0II. DANE KONTAKTOWEJako &#8230;<\/p>\n","protected":false},"author":1,"featured_media":0,"parent":0,"menu_order":0,"comment_status":"closed","ping_status":"closed","template":"elementor_header_footer","meta":{"ngg_post_thumbnail":0,"footnotes":""},"class_list":["post-27","page","type-page","status-publish","hentry"],"_links":{"self":[{"href":"https:\/\/markus1.pl\/index.php?rest_route=\/wp\/v2\/pages\/27","targetHints":{"allow":["GET"]}}],"collection":[{"href":"https:\/\/markus1.pl\/index.php?rest_route=\/wp\/v2\/pages"}],"about":[{"href":"https:\/\/markus1.pl\/index.php?rest_route=\/wp\/v2\/types\/page"}],"author":[{"embeddable":true,"href":"https:\/\/markus1.pl\/index.php?rest_route=\/wp\/v2\/users\/1"}],"replies":[{"embeddable":true,"href":"https:\/\/markus1.pl\/index.php?rest_route=%2Fwp%2Fv2%2Fcomments&post=27"}],"version-history":[{"count":7,"href":"https:\/\/markus1.pl\/index.php?rest_route=\/wp\/v2\/pages\/27\/revisions"}],"predecessor-version":[{"id":232,"href":"https:\/\/markus1.pl\/index.php?rest_route=\/wp\/v2\/pages\/27\/revisions\/232"}],"wp:attachment":[{"href":"https:\/\/markus1.pl\/index.php?rest_route=%2Fwp%2Fv2%2Fmedia&parent=27"}],"curies":[{"name":"wp","href":"https:\/\/api.w.org\/{rel}","templated":true}]}}