{"id":6,"date":"2021-08-29T10:16:21","date_gmt":"2021-08-29T08:16:21","guid":{"rendered":"http:\/\/server699024.nazwa.pl\/demo\/markus\/?page_id=6"},"modified":"2021-09-28T21:02:56","modified_gmt":"2021-09-28T19:02:56","slug":"strona-glowna","status":"publish","type":"page","link":"https:\/\/markus1.pl\/","title":{"rendered":"Strona g\u0142\u00f3wna"},"content":{"rendered":"\t\t<div data-elementor-type=\"wp-page\" data-elementor-id=\"6\" class=\"elementor elementor-6\" data-elementor-settings=\"[]\">\n\t\t\t\t\t\t\t<div class=\"elementor-section-wrap\">\n\t\t\t\t\t\t\t<section class=\"elementor-section elementor-top-section elementor-element elementor-element-d915723 elementor-section-boxed elementor-section-height-default elementor-section-height-default\" data-id=\"d915723\" data-element_type=\"section\" data-settings=\"{&quot;background_background&quot;:&quot;classic&quot;}\">\n\t\t\t\t\t\t\t<div class=\"elementor-background-overlay\"><\/div>\n\t\t\t\t\t\t\t<div class=\"elementor-container elementor-column-gap-default\">\n\t\t\t\t\t<div class=\"elementor-column elementor-col-100 elementor-top-column elementor-element elementor-element-cedb462\" data-id=\"cedb462\" data-element_type=\"column\">\n\t\t\t<div class=\"elementor-widget-wrap elementor-element-populated\">\n\t\t\t\t\t\t\t\t<section class=\"elementor-section elementor-inner-section elementor-element elementor-element-e40aa87 elementor-section-boxed elementor-section-height-default elementor-section-height-default\" data-id=\"e40aa87\" data-element_type=\"section\">\n\t\t\t\t\t\t<div class=\"elementor-container elementor-column-gap-default\">\n\t\t\t\t\t<div class=\"elementor-column elementor-col-50 elementor-inner-column elementor-element elementor-element-436c202\" data-id=\"436c202\" data-element_type=\"column\">\n\t\t\t<div class=\"elementor-widget-wrap elementor-element-populated\">\n\t\t\t\t\t\t\t\t<div class=\"elementor-element elementor-element-86095b8 elementor-invisible elementor-widget elementor-widget-heading\" data-id=\"86095b8\" data-element_type=\"widget\" data-settings=\"{&quot;_animation&quot;:&quot;fadeInUp&quot;}\" data-widget_type=\"heading.default\">\n\t\t\t\t<div class=\"elementor-widget-container\">\n\t\t\t<h2 class=\"elementor-heading-title elementor-size-default\">Producent System\u00f3w kominowych<\/h2>\t\t<\/div>\n\t\t\t\t<\/div>\n\t\t\t\t<div class=\"elementor-element elementor-element-7c86cb5 elementor-widget-divider--view-line elementor-invisible elementor-widget elementor-widget-divider\" data-id=\"7c86cb5\" data-element_type=\"widget\" data-settings=\"{&quot;_animation&quot;:&quot;zoomIn&quot;,&quot;_animation_delay&quot;:300}\" data-widget_type=\"divider.default\">\n\t\t\t\t<div class=\"elementor-widget-container\">\n\t\t\t\t\t<div class=\"elementor-divider\">\n\t\t\t<span class=\"elementor-divider-separator\">\n\t\t\t\t\t\t<\/span>\n\t\t<\/div>\n\t\t\t\t<\/div>\n\t\t\t\t<\/div>\n\t\t\t\t<div class=\"elementor-element elementor-element-4dd9b99 elementor-invisible elementor-widget elementor-widget-heading\" data-id=\"4dd9b99\" data-element_type=\"widget\" data-settings=\"{&quot;_animation&quot;:&quot;fadeInUp&quot;,&quot;_animation_delay&quot;:600}\" data-widget_type=\"heading.default\">\n\t\t\t\t<div class=\"elementor-widget-container\">\n\t\t\t<h3 class=\"elementor-heading-title elementor-size-default\">Najwy\u017cszej jako\u015bci wk\u0142ady kominowe oraz kominy dwu\u015bcienne ze stali kwasoodpornej i \u017caroodpornej.<\/h3>\t\t<\/div>\n\t\t\t\t<\/div>\n\t\t\t\t<div class=\"elementor-element elementor-element-6c5043d elementor-invisible elementor-widget elementor-widget-heading\" data-id=\"6c5043d\" data-element_type=\"widget\" data-settings=\"{&quot;_animation&quot;:&quot;fadeInUp&quot;,&quot;_animation_delay&quot;:900}\" data-widget_type=\"heading.default\">\n\t\t\t\t<div class=\"elementor-widget-container\">\n\t\t\t<h2 class=\"elementor-heading-title elementor-size-default\">Tel.: (23) 697 25 36<\/h2>\t\t<\/div>\n\t\t\t\t<\/div>\n\t\t\t\t\t<\/div>\n\t\t<\/div>\n\t\t\t\t<div class=\"elementor-column elementor-col-50 elementor-inner-column elementor-element elementor-element-a07a762\" data-id=\"a07a762\" data-element_type=\"column\">\n\t\t\t<div class=\"elementor-widget-wrap\">\n\t\t\t\t\t\t\t\t\t<\/div>\n\t\t<\/div>\n\t\t\t\t\t\t\t<\/div>\n\t\t<\/section>\n\t\t\t\t\t<\/div>\n\t\t<\/div>\n\t\t\t\t\t\t\t<\/div>\n\t\t<\/section>\n\t\t\t\t<section class=\"elementor-section elementor-top-section elementor-element elementor-element-a58f23b elementor-section-boxed elementor-section-height-default elementor-section-height-default\" data-id=\"a58f23b\" data-element_type=\"section\">\n\t\t\t\t\t\t<div class=\"elementor-container elementor-column-gap-default\">\n\t\t\t\t\t<div class=\"elementor-column elementor-col-100 elementor-top-column elementor-element elementor-element-8c431af\" data-id=\"8c431af\" data-element_type=\"column\">\n\t\t\t<div class=\"elementor-widget-wrap elementor-element-populated\">\n\t\t\t\t\t\t\t\t<div class=\"elementor-element elementor-element-b0d2538 elementor-invisible elementor-widget elementor-widget-heading\" data-id=\"b0d2538\" data-element_type=\"widget\" data-settings=\"{&quot;_animation&quot;:&quot;fadeInUp&quot;,&quot;_animation_delay&quot;:300}\" data-widget_type=\"heading.default\">\n\t\t\t\t<div class=\"elementor-widget-container\">\n\t\t\t<h2 class=\"elementor-heading-title elementor-size-default\">O firmie<\/h2>\t\t<\/div>\n\t\t\t\t<\/div>\n\t\t\t\t<div class=\"elementor-element elementor-element-7a79c17 elementor-invisible elementor-widget elementor-widget-heading\" data-id=\"7a79c17\" data-element_type=\"widget\" data-settings=\"{&quot;_animation&quot;:&quot;fadeInUp&quot;,&quot;_animation_delay&quot;:600}\" data-widget_type=\"heading.default\">\n\t\t\t\t<div class=\"elementor-widget-container\">\n\t\t\t<h3 class=\"elementor-heading-title elementor-size-default\">Czym si\u0119 zajmujemy?<\/h3>\t\t<\/div>\n\t\t\t\t<\/div>\n\t\t\t\t<div class=\"elementor-element elementor-element-b39db0e elementor-widget-divider--view-line elementor-invisible elementor-widget elementor-widget-divider\" data-id=\"b39db0e\" data-element_type=\"widget\" data-settings=\"{&quot;_animation&quot;:&quot;zoomIn&quot;,&quot;_animation_delay&quot;:900}\" data-widget_type=\"divider.default\">\n\t\t\t\t<div class=\"elementor-widget-container\">\n\t\t\t\t\t<div class=\"elementor-divider\">\n\t\t\t<span class=\"elementor-divider-separator\">\n\t\t\t\t\t\t<\/span>\n\t\t<\/div>\n\t\t\t\t<\/div>\n\t\t\t\t<\/div>\n\t\t\t\t<section class=\"elementor-section elementor-inner-section elementor-element elementor-element-48ed7af elementor-section-boxed elementor-section-height-default elementor-section-height-default elementor-invisible\" data-id=\"48ed7af\" data-element_type=\"section\" data-settings=\"{&quot;animation&quot;:&quot;fadeInUp&quot;}\">\n\t\t\t\t\t\t<div class=\"elementor-container elementor-column-gap-default\">\n\t\t\t\t\t<div class=\"elementor-column elementor-col-50 elementor-inner-column elementor-element elementor-element-ac86e0e\" data-id=\"ac86e0e\" data-element_type=\"column\">\n\t\t\t<div class=\"elementor-widget-wrap elementor-element-populated\">\n\t\t\t\t\t\t\t\t<div class=\"elementor-element elementor-element-835c51e elementor-widget elementor-widget-text-editor\" data-id=\"835c51e\" data-element_type=\"widget\" data-widget_type=\"text-editor.default\">\n\t\t\t\t<div class=\"elementor-widget-container\">\n\t\t\t\t\t\t\t<p><strong>Firma &#8222;MARKUS-1&#8221;<\/strong> rozpocz\u0119\u0142a swoj\u0105 dzia\u0142alno\u015b\u0107 w 1995 roku w zakresie produkcji kot\u0142\u00f3w C.O. oraz us\u0142ug instalatorskich. Od samego pocz\u0105tku istnienia firmy w\u0142a\u015bciciel Marcin Kusi\u0144ski planuje <strong>kompleksow\u0105 obs\u0142ug\u0119 klienta od doboru i dostawy urzadze\u0144 poprzez monta\u017c oraz zapewnienie serwisu gwarancyjnego i pogwarancyjnego<\/strong>. W kolejnych latach dzia\u0142alno\u015bci rozszerzono ofert\u0105 us\u0142ug oraz nawi\u0105zano wsp\u00f3\u0142prac\u0119 z wieloma zagranicznymi producentami kot\u0142\u00f3w. Wzros\u0142o zatrudnienie, a personel przechodzi\u0142 gruntowne szkolenia w kraju i za granic\u0105 maj\u0105ce na celu podniesienie kwalifikacji oraz wprowadzenie <strong>nowoczesnych rozwi\u0105za\u0144 w dziedzinie technik grzewczych<\/strong>. W 2002 roku w niewielkim stopniu rozpocz\u0119to produkcj\u0119 wk\u0142ad\u00f3w kominowych i komin\u00f3w dwu\u015bciennych z blachy kwasoodpornej. Inwestycje w nowoczesny park maszynowy pozwalaj\u0105 na wytworzenie produkt\u00f3w wysokiej jako\u015bci, kt\u00f3re znajduj\u0105 odbiorc\u00f3w na terenie ca\u0142ego kraju. W 2003 roku kominy produkowane przez firm\u0119 &#8222;MARKUS-1&#8221; otrzymuj\u0105 Aprobat\u0119 techniczn\u0105 Instytutu G\u00f3rnictwa Naftowego i Gazownictwa. W kolejnych latach nast\u0119puje rozbudowa zak\u0142adu, a oferta zostaje rozszerzona o profesjonaln\u0105 napraw\u0119 felg aluminiowych. Rok 2006 to kolejne inwestycje pozwalaj\u0105ce na uruchomienie stanowiska do piaskowania oraz lakierni proszkowej.<\/p>\t\t\t\t\t\t<\/div>\n\t\t\t\t<\/div>\n\t\t\t\t\t<\/div>\n\t\t<\/div>\n\t\t\t\t<div class=\"elementor-column elementor-col-50 elementor-inner-column elementor-element elementor-element-ca9a9a6\" data-id=\"ca9a9a6\" data-element_type=\"column\">\n\t\t\t<div class=\"elementor-widget-wrap elementor-element-populated\">\n\t\t\t\t\t\t\t\t<div class=\"elementor-element elementor-element-5a4e0d3 elementor-widget elementor-widget-image\" data-id=\"5a4e0d3\" data-element_type=\"widget\" data-widget_type=\"image.default\">\n\t\t\t\t<div class=\"elementor-widget-container\">\n\t\t\t\t\t\t\t\t\t\t\t\t\t\t\t<img loading=\"lazy\" decoding=\"async\" width=\"437\" height=\"240\" src=\"https:\/\/markus1.pl\/wp-content\/uploads\/2021\/08\/page2_img1.png\" class=\"attachment-large size-large\" alt=\"\" \/>\t\t\t\t\t\t\t\t\t\t\t\t\t\t\t<\/div>\n\t\t\t\t<\/div>\n\t\t\t\t\t<\/div>\n\t\t<\/div>\n\t\t\t\t\t\t\t<\/div>\n\t\t<\/section>\n\t\t\t\t<section class=\"elementor-section elementor-inner-section elementor-element elementor-element-0803cf5 elementor-section-boxed elementor-section-height-default elementor-section-height-default elementor-invisible\" data-id=\"0803cf5\" data-element_type=\"section\" data-settings=\"{&quot;animation&quot;:&quot;fadeInUp&quot;}\">\n\t\t\t\t\t\t<div class=\"elementor-container elementor-column-gap-default\">\n\t\t\t\t\t<div class=\"elementor-column elementor-col-50 elementor-inner-column elementor-element elementor-element-efd3400\" data-id=\"efd3400\" data-element_type=\"column\">\n\t\t\t<div class=\"elementor-widget-wrap elementor-element-populated\">\n\t\t\t\t\t\t\t\t<div class=\"elementor-element elementor-element-f79d711 elementor-widget elementor-widget-image\" data-id=\"f79d711\" data-element_type=\"widget\" data-widget_type=\"image.default\">\n\t\t\t\t<div class=\"elementor-widget-container\">\n\t\t\t\t\t\t\t\t\t\t\t\t\t\t\t<img loading=\"lazy\" decoding=\"async\" width=\"800\" height=\"333\" src=\"https:\/\/markus1.pl\/wp-content\/uploads\/2021\/09\/main-1024x426.jpg\" class=\"attachment-large size-large\" alt=\"\" \/>\t\t\t\t\t\t\t\t\t\t\t\t\t\t\t<\/div>\n\t\t\t\t<\/div>\n\t\t\t\t\t<\/div>\n\t\t<\/div>\n\t\t\t\t<div class=\"elementor-column elementor-col-50 elementor-inner-column elementor-element elementor-element-fe4c578\" data-id=\"fe4c578\" data-element_type=\"column\">\n\t\t\t<div class=\"elementor-widget-wrap elementor-element-populated\">\n\t\t\t\t\t\t\t\t<div class=\"elementor-element elementor-element-4b41d59 elementor-widget elementor-widget-text-editor\" data-id=\"4b41d59\" data-element_type=\"widget\" data-widget_type=\"text-editor.default\">\n\t\t\t\t<div class=\"elementor-widget-container\">\n\t\t\t\t\t\t\t<p>Na pocz\u0105tku 2008 roku zosta\u0142a wprowadzona Zak\u0142adowa Kontrola Produkcji, a produkowane wyroby kominowe poddano badaniom w Laboratorium Instytutu Nafty i Gazu w Krakowie. <strong>Pozytywny wynik bada\u0144 oraz inspekcji zak\u0142adu potwierdza wysok\u0105 jako\u015b\u0107 produkowanych system\u00f3w kominowych.<\/strong> W dniu 07. 07. 2008 roku firma Markus-1 otrzymuje europejski certyfikat ZKP, kt\u00f3ry umo\u017cliwia znakowanie komin\u00f3w presti\u017cowym znakiem CE.<\/p><p>W 2010 roku uruchomiony zosta\u0142 nowoczesny warsztat dla pojazd\u00f3w samochodowych CENTRUM NAPRAWY FELG w Dzia\u0142dowie przy ulicy Olszty\u0144skiej 5.<\/p><p>Projekt wsp\u00f3\u0142finansowany ze \u015brodk\u00f3w Europejskiego Funduszu Rozwoju Regionalnego w ramach Regionalnego Programu Operacyjnego Warmia i Mazury na lata 2007-2013.<\/p><p>Licz\u0105c na Pa\u0144stwa zainteresowanie nasz\u0105 ofert\u0105 serdecznie zapraszamy do odwiedzania firmy MARKUS-1<\/p>\t\t\t\t\t\t<\/div>\n\t\t\t\t<\/div>\n\t\t\t\t\t<\/div>\n\t\t<\/div>\n\t\t\t\t\t\t\t<\/div>\n\t\t<\/section>\n\t\t\t\t\t<\/div>\n\t\t<\/div>\n\t\t\t\t\t\t\t<\/div>\n\t\t<\/section>\n\t\t\t\t\t\t<\/div>\n\t\t\t\t\t<\/div>\n\t\t","protected":false},"excerpt":{"rendered":"<p>Producent System\u00f3w kominowych Najwy\u017cszej jako\u015bci wk\u0142ady kominowe oraz kominy dwu\u015bcienne ze stali kwasoodpornej i \u017caroodpornej. Tel.: (23) 697 25 36 O firmie Czym si\u0119 zajmujemy? Firma &#8222;MARKUS-1&#8221; rozpocz\u0119\u0142a swoj\u0105 dzia\u0142alno\u015b\u0107 &#8230;<\/p>\n","protected":false},"author":1,"featured_media":0,"parent":0,"menu_order":0,"comment_status":"closed","ping_status":"closed","template":"elementor_header_footer","meta":{"ngg_post_thumbnail":0,"footnotes":""},"class_list":["post-6","page","type-page","status-publish","hentry"],"_links":{"self":[{"href":"https:\/\/markus1.pl\/index.php?rest_route=\/wp\/v2\/pages\/6","targetHints":{"allow":["GET"]}}],"collection":[{"href":"https:\/\/markus1.pl\/index.php?rest_route=\/wp\/v2\/pages"}],"about":[{"href":"https:\/\/markus1.pl\/index.php?rest_route=\/wp\/v2\/types\/page"}],"author":[{"embeddable":true,"href":"https:\/\/markus1.pl\/index.php?rest_route=\/wp\/v2\/users\/1"}],"replies":[{"embeddable":true,"href":"https:\/\/markus1.pl\/index.php?rest_route=%2Fwp%2Fv2%2Fcomments&post=6"}],"version-history":[{"count":79,"href":"https:\/\/markus1.pl\/index.php?rest_route=\/wp\/v2\/pages\/6\/revisions"}],"predecessor-version":[{"id":414,"href":"https:\/\/markus1.pl\/index.php?rest_route=\/wp\/v2\/pages\/6\/revisions\/414"}],"wp:attachment":[{"href":"https:\/\/markus1.pl\/index.php?rest_route=%2Fwp%2Fv2%2Fmedia&parent=6"}],"curies":[{"name":"wp","href":"https:\/\/api.w.org\/{rel}","templated":true}]}}